{"id":158,"date":"2024-06-03T12:06:17","date_gmt":"2024-06-03T10:06:17","guid":{"rendered":"https:\/\/fgucm.6tems.es\/?page_id=158"},"modified":"2024-06-03T12:06:17","modified_gmt":"2024-06-03T10:06:17","slug":"actualidad","status":"publish","type":"page","link":"https:\/\/investigacion.6tems.es\/actualidad\/","title":{"rendered":"Actualidad"},"content":{"rendered":"<p>Lorem ipsum dolor sit amet, consectetur adipsicing elit. Ut luctus eros non velit viverra.<\/p>\n","protected":false},"excerpt":{"rendered":"<p>Lorem ipsum dolor sit amet, consectetur adipsicing elit. Ut luctus eros non velit viverra.<\/p>\n","protected":false},"author":1,"featured_media":0,"parent":0,"menu_order":0,"comment_status":"closed","ping_status":"closed","template":"page-templates\/actualidad.php","meta":{"_acf_changed":false,"footnotes":""},"class_list":["post-158","page","type-page","status-publish","hentry"],"acf":[],"yoast_head":"<!-- This site is optimized with the Yoast SEO plugin v24.3 - https:\/\/yoast.com\/wordpress\/plugins\/seo\/ -->\n<title>Actualidad - Gesti\u00f3n Econ\u00f3mica de la Investigaci\u00f3n<\/title>\n<meta name=\"robots\" content=\"noindex, follow, max-snippet:-1, max-image-preview:large, max-video-preview:-1\" \/>\n<meta property=\"og:locale\" content=\"es_ES\" \/>\n<meta property=\"og:type\" content=\"article\" \/>\n<meta property=\"og:title\" content=\"Actualidad - Gesti\u00f3n Econ\u00f3mica de la Investigaci\u00f3n\" \/>\n<meta property=\"og:description\" content=\"Lorem ipsum dolor sit amet, consectetur adipsicing elit. Ut luctus eros non velit viverra.\" \/>\n<meta property=\"og:url\" content=\"https:\/\/investigacion.6tems.es\/actualidad\/\" \/>\n<meta property=\"og:site_name\" content=\"Gesti\u00f3n Econ\u00f3mica de la Investigaci\u00f3n\" \/>\n<meta name=\"twitter:card\" content=\"summary_large_image\" \/>\n<script type=\"application\/ld+json\" class=\"yoast-schema-graph\">{\"@context\":\"https:\/\/schema.org\",\"@graph\":[{\"@type\":\"WebPage\",\"@id\":\"https:\/\/investigacion.6tems.es\/actualidad\/\",\"url\":\"https:\/\/investigacion.6tems.es\/actualidad\/\",\"name\":\"Actualidad - Gesti\u00f3n Econ\u00f3mica de la Investigaci\u00f3n\",\"isPartOf\":{\"@id\":\"https:\/\/investigacion.6tems.es\/es\/#website\"},\"datePublished\":\"2024-06-03T10:06:17+00:00\",\"dateModified\":\"2024-06-03T10:06:17+00:00\",\"breadcrumb\":{\"@id\":\"https:\/\/investigacion.6tems.es\/actualidad\/#breadcrumb\"},\"inLanguage\":\"es\",\"potentialAction\":[{\"@type\":\"ReadAction\",\"target\":[\"https:\/\/investigacion.6tems.es\/actualidad\/\"]}]},{\"@type\":\"BreadcrumbList\",\"@id\":\"https:\/\/investigacion.6tems.es\/actualidad\/#breadcrumb\",\"itemListElement\":[{\"@type\":\"ListItem\",\"position\":1,\"name\":\"Portada\",\"item\":\"https:\/\/investigacion.6tems.es\/\"},{\"@type\":\"ListItem\",\"position\":2,\"name\":\"Actualidad\"}]},{\"@type\":\"WebSite\",\"@id\":\"https:\/\/investigacion.6tems.es\/es\/#website\",\"url\":\"https:\/\/investigacion.6tems.es\/es\/\",\"name\":\"Gesti\u00f3n Econ\u00f3mica de la Investigaci\u00f3n\",\"description\":\"\",\"potentialAction\":[{\"@type\":\"SearchAction\",\"target\":{\"@type\":\"EntryPoint\",\"urlTemplate\":\"https:\/\/investigacion.6tems.es\/es\/?s={search_term_string}\"},\"query-input\":{\"@type\":\"PropertyValueSpecification\",\"valueRequired\":true,\"valueName\":\"search_term_string\"}}],\"inLanguage\":\"es\"}]}<\/script>\n<!-- \/ Yoast SEO plugin. -->","yoast_head_json":{"title":"Actualidad - Gesti\u00f3n Econ\u00f3mica de la Investigaci\u00f3n","robots":{"index":"noindex","follow":"follow","max-snippet":"max-snippet:-1","max-image-preview":"max-image-preview:large","max-video-preview":"max-video-preview:-1"},"og_locale":"es_ES","og_type":"article","og_title":"Actualidad - Gesti\u00f3n Econ\u00f3mica de la Investigaci\u00f3n","og_description":"Lorem ipsum dolor sit amet, consectetur adipsicing elit. Ut luctus eros non velit viverra.","og_url":"https:\/\/investigacion.6tems.es\/actualidad\/","og_site_name":"Gesti\u00f3n Econ\u00f3mica de la Investigaci\u00f3n","twitter_card":"summary_large_image","schema":{"@context":"https:\/\/schema.org","@graph":[{"@type":"WebPage","@id":"https:\/\/investigacion.6tems.es\/actualidad\/","url":"https:\/\/investigacion.6tems.es\/actualidad\/","name":"Actualidad - Gesti\u00f3n Econ\u00f3mica de la Investigaci\u00f3n","isPartOf":{"@id":"https:\/\/investigacion.6tems.es\/es\/#website"},"datePublished":"2024-06-03T10:06:17+00:00","dateModified":"2024-06-03T10:06:17+00:00","breadcrumb":{"@id":"https:\/\/investigacion.6tems.es\/actualidad\/#breadcrumb"},"inLanguage":"es","potentialAction":[{"@type":"ReadAction","target":["https:\/\/investigacion.6tems.es\/actualidad\/"]}]},{"@type":"BreadcrumbList","@id":"https:\/\/investigacion.6tems.es\/actualidad\/#breadcrumb","itemListElement":[{"@type":"ListItem","position":1,"name":"Portada","item":"https:\/\/investigacion.6tems.es\/"},{"@type":"ListItem","position":2,"name":"Actualidad"}]},{"@type":"WebSite","@id":"https:\/\/investigacion.6tems.es\/es\/#website","url":"https:\/\/investigacion.6tems.es\/es\/","name":"Gesti\u00f3n Econ\u00f3mica de la Investigaci\u00f3n","description":"","potentialAction":[{"@type":"SearchAction","target":{"@type":"EntryPoint","urlTemplate":"https:\/\/investigacion.6tems.es\/es\/?s={search_term_string}"},"query-input":{"@type":"PropertyValueSpecification","valueRequired":true,"valueName":"search_term_string"}}],"inLanguage":"es"}]}},"_links":{"self":[{"href":"https:\/\/investigacion.6tems.es\/es\/wp-json\/wp\/v2\/pages\/158","targetHints":{"allow":["GET"]}}],"collection":[{"href":"https:\/\/investigacion.6tems.es\/es\/wp-json\/wp\/v2\/pages"}],"about":[{"href":"https:\/\/investigacion.6tems.es\/es\/wp-json\/wp\/v2\/types\/page"}],"author":[{"embeddable":true,"href":"https:\/\/investigacion.6tems.es\/es\/wp-json\/wp\/v2\/users\/1"}],"replies":[{"embeddable":true,"href":"https:\/\/investigacion.6tems.es\/es\/wp-json\/wp\/v2\/comments?post=158"}],"version-history":[{"count":0,"href":"https:\/\/investigacion.6tems.es\/es\/wp-json\/wp\/v2\/pages\/158\/revisions"}],"wp:attachment":[{"href":"https:\/\/investigacion.6tems.es\/es\/wp-json\/wp\/v2\/media?parent=158"}],"curies":[{"name":"wp","href":"https:\/\/api.w.org\/{rel}","templated":true}]}}