{"id":5,"date":"2024-09-05T09:56:55","date_gmt":"2024-09-05T07:56:55","guid":{"rendered":"https:\/\/investigacion.6tems.es\/?page_id=5"},"modified":"2024-12-12T10:37:00","modified_gmt":"2024-12-12T09:37:00","slug":"inicio","status":"publish","type":"page","link":"https:\/\/investigacion.6tems.es\/","title":{"rendered":"Inicio"},"content":{"rendered":"<p>Lorem ipsum dolor sit amet consectetur. Velit purus consectetur curabitur imperdiet eget libero amet nisl. <strong>Lacus porttitor elementum dapibus<\/strong> habitant cras fermentum. Tortor nisl sagittis senectus dignissim justo. Felis sit habitant et ullamcorper facilisis. Euismod sit risus eget ac odio cars.<\/p>\n","protected":false},"excerpt":{"rendered":"<p>Lorem ipsum dolor sit amet consectetur. Velit purus consectetur curabitur imperdiet eget libero amet nisl. Lacus porttitor elementum dapibus habitant cras fermentum. Tortor nisl sagittis senectus dignissim justo. Felis sit habitant et ullamcorper facilisis. Euismod sit risus eget ac odio cars.<\/p>\n","protected":false},"author":1,"featured_media":0,"parent":0,"menu_order":0,"comment_status":"closed","ping_status":"closed","template":"page-templates\/inicio.php","meta":{"_acf_changed":false,"footnotes":""},"class_list":["post-5","page","type-page","status-publish","hentry"],"acf":[],"yoast_head":"<!-- This site is optimized with the Yoast SEO plugin v24.3 - https:\/\/yoast.com\/wordpress\/plugins\/seo\/ -->\n<title>Inicio - Gesti\u00f3n Econ\u00f3mica de la Investigaci\u00f3n<\/title>\n<meta name=\"robots\" content=\"noindex, follow, max-snippet:-1, max-image-preview:large, max-video-preview:-1\" \/>\n<meta property=\"og:locale\" content=\"es_ES\" \/>\n<meta property=\"og:type\" content=\"article\" \/>\n<meta property=\"og:title\" content=\"Inicio - Gesti\u00f3n Econ\u00f3mica de la Investigaci\u00f3n\" \/>\n<meta property=\"og:description\" content=\"Lorem ipsum dolor sit amet consectetur. Velit purus consectetur curabitur imperdiet eget libero amet nisl. Lacus porttitor elementum dapibus habitant cras fermentum. Tortor nisl sagittis senectus dignissim justo. Felis sit habitant et ullamcorper facilisis. Euismod sit risus eget ac odio cars.\" \/>\n<meta property=\"og:url\" content=\"https:\/\/investigacion.6tems.es\/\" \/>\n<meta property=\"og:site_name\" content=\"Gesti\u00f3n Econ\u00f3mica de la Investigaci\u00f3n\" \/>\n<meta property=\"article:modified_time\" content=\"2024-12-12T09:37:00+00:00\" \/>\n<meta name=\"twitter:card\" content=\"summary_large_image\" \/>\n<meta name=\"twitter:label1\" content=\"Tiempo de lectura\" \/>\n\t<meta name=\"twitter:data1\" content=\"1 minuto\" \/>\n<script type=\"application\/ld+json\" class=\"yoast-schema-graph\">{\"@context\":\"https:\/\/schema.org\",\"@graph\":[{\"@type\":\"WebPage\",\"@id\":\"https:\/\/investigacion.6tems.es\/\",\"url\":\"https:\/\/investigacion.6tems.es\/\",\"name\":\"Inicio - Gesti\u00f3n Econ\u00f3mica de la Investigaci\u00f3n\",\"isPartOf\":{\"@id\":\"https:\/\/investigacion.6tems.es\/es\/#website\"},\"datePublished\":\"2024-09-05T07:56:55+00:00\",\"dateModified\":\"2024-12-12T09:37:00+00:00\",\"breadcrumb\":{\"@id\":\"https:\/\/investigacion.6tems.es\/#breadcrumb\"},\"inLanguage\":\"es\",\"potentialAction\":[{\"@type\":\"ReadAction\",\"target\":[\"https:\/\/investigacion.6tems.es\/\"]}]},{\"@type\":\"BreadcrumbList\",\"@id\":\"https:\/\/investigacion.6tems.es\/#breadcrumb\",\"itemListElement\":[{\"@type\":\"ListItem\",\"position\":1,\"name\":\"Portada\",\"item\":\"https:\/\/investigacion.6tems.es\/\"},{\"@type\":\"ListItem\",\"position\":2,\"name\":\"Inicio\"}]},{\"@type\":\"WebSite\",\"@id\":\"https:\/\/investigacion.6tems.es\/es\/#website\",\"url\":\"https:\/\/investigacion.6tems.es\/es\/\",\"name\":\"Gesti\u00f3n Econ\u00f3mica de la Investigaci\u00f3n\",\"description\":\"\",\"potentialAction\":[{\"@type\":\"SearchAction\",\"target\":{\"@type\":\"EntryPoint\",\"urlTemplate\":\"https:\/\/investigacion.6tems.es\/es\/?s={search_term_string}\"},\"query-input\":{\"@type\":\"PropertyValueSpecification\",\"valueRequired\":true,\"valueName\":\"search_term_string\"}}],\"inLanguage\":\"es\"}]}<\/script>\n<!-- \/ Yoast SEO plugin. -->","yoast_head_json":{"title":"Inicio - Gesti\u00f3n Econ\u00f3mica de la Investigaci\u00f3n","robots":{"index":"noindex","follow":"follow","max-snippet":"max-snippet:-1","max-image-preview":"max-image-preview:large","max-video-preview":"max-video-preview:-1"},"og_locale":"es_ES","og_type":"article","og_title":"Inicio - Gesti\u00f3n Econ\u00f3mica de la Investigaci\u00f3n","og_description":"Lorem ipsum dolor sit amet consectetur. Velit purus consectetur curabitur imperdiet eget libero amet nisl. Lacus porttitor elementum dapibus habitant cras fermentum. Tortor nisl sagittis senectus dignissim justo. Felis sit habitant et ullamcorper facilisis. Euismod sit risus eget ac odio cars.","og_url":"https:\/\/investigacion.6tems.es\/","og_site_name":"Gesti\u00f3n Econ\u00f3mica de la Investigaci\u00f3n","article_modified_time":"2024-12-12T09:37:00+00:00","twitter_card":"summary_large_image","twitter_misc":{"Tiempo de lectura":"1 minuto"},"schema":{"@context":"https:\/\/schema.org","@graph":[{"@type":"WebPage","@id":"https:\/\/investigacion.6tems.es\/","url":"https:\/\/investigacion.6tems.es\/","name":"Inicio - Gesti\u00f3n Econ\u00f3mica de la Investigaci\u00f3n","isPartOf":{"@id":"https:\/\/investigacion.6tems.es\/es\/#website"},"datePublished":"2024-09-05T07:56:55+00:00","dateModified":"2024-12-12T09:37:00+00:00","breadcrumb":{"@id":"https:\/\/investigacion.6tems.es\/#breadcrumb"},"inLanguage":"es","potentialAction":[{"@type":"ReadAction","target":["https:\/\/investigacion.6tems.es\/"]}]},{"@type":"BreadcrumbList","@id":"https:\/\/investigacion.6tems.es\/#breadcrumb","itemListElement":[{"@type":"ListItem","position":1,"name":"Portada","item":"https:\/\/investigacion.6tems.es\/"},{"@type":"ListItem","position":2,"name":"Inicio"}]},{"@type":"WebSite","@id":"https:\/\/investigacion.6tems.es\/es\/#website","url":"https:\/\/investigacion.6tems.es\/es\/","name":"Gesti\u00f3n Econ\u00f3mica de la Investigaci\u00f3n","description":"","potentialAction":[{"@type":"SearchAction","target":{"@type":"EntryPoint","urlTemplate":"https:\/\/investigacion.6tems.es\/es\/?s={search_term_string}"},"query-input":{"@type":"PropertyValueSpecification","valueRequired":true,"valueName":"search_term_string"}}],"inLanguage":"es"}]}},"_links":{"self":[{"href":"https:\/\/investigacion.6tems.es\/es\/wp-json\/wp\/v2\/pages\/5","targetHints":{"allow":["GET"]}}],"collection":[{"href":"https:\/\/investigacion.6tems.es\/es\/wp-json\/wp\/v2\/pages"}],"about":[{"href":"https:\/\/investigacion.6tems.es\/es\/wp-json\/wp\/v2\/types\/page"}],"author":[{"embeddable":true,"href":"https:\/\/investigacion.6tems.es\/es\/wp-json\/wp\/v2\/users\/1"}],"replies":[{"embeddable":true,"href":"https:\/\/investigacion.6tems.es\/es\/wp-json\/wp\/v2\/comments?post=5"}],"version-history":[{"count":12,"href":"https:\/\/investigacion.6tems.es\/es\/wp-json\/wp\/v2\/pages\/5\/revisions"}],"predecessor-version":[{"id":467,"href":"https:\/\/investigacion.6tems.es\/es\/wp-json\/wp\/v2\/pages\/5\/revisions\/467"}],"wp:attachment":[{"href":"https:\/\/investigacion.6tems.es\/es\/wp-json\/wp\/v2\/media?parent=5"}],"curies":[{"name":"wp","href":"https:\/\/api.w.org\/{rel}","templated":true}]}}